{"id":15,"date":"2014-11-11T11:14:30","date_gmt":"2014-11-11T11:14:30","guid":{"rendered":"http:\/\/anpsthemes.com\/constructo\/?page_id=15"},"modified":"2021-06-09T12:45:46","modified_gmt":"2021-06-09T09:45:46","slug":"contact-us","status":"publish","type":"page","link":"https:\/\/www.deltaticaret.com.tr\/en\/contact-us\/","title":{"rendered":"CONTACT"},"content":{"rendered":"<p>[vc_row css=&#8221;.vc_custom_1561411833155{margin-top: 40px !important;padding-bottom: 20px !important;}&#8221;][vc_column width=&#8221;1\/2&#8243;]<h4 class='heading-content  style-1' ><span>CONTACT<\/span><\/h4>[vc_empty_space height=&#8221;15px&#8221;][vc_column_text css_animation=&#8221;fadeInLeft&#8221;]<\/p>\n<h3><strong>DELTA END\u00dcSTR\u0130YEL MAK\u0130NE \u00dcR\u00dcNLER\u0130 DANI\u015eMANLIK LTD. \u015eT\u0130.<\/strong><\/h3>\n<p>Address: \u0130kitelli OSB Dersan Blok Sk. Trios 2023 B Blok No:92<\/p>\n<p>Ba\u015fak\u015fehir-\u0130stanbul<\/p>\n<p>Phone: 0212 674 72 03<\/p>\n<p>Fax: 0212 674 72 31<\/p>\n<p>E-Mail: <a href=\"mailto:info@deltaticaret.com.tr\"><u>info@deltaticaret.com.tr<\/u><\/a>[\/vc_column_text][\/vc_column][vc_column width=&#8221;1\/2&#8243;]<div class='map' id='map2' style='height: 300px;' data-type='ROADMAP' data-zoom='14' data-scroll='true' data-icon='https:\/\/www.deltaticaret.com.tr\/wp-content\/themes\/constructo\/images\/gmap\/map-pin.png' data-address='\u0130kitelli OSB Dersan Blok Sk. Trios 2023 B Blok No:92 Ba\u015fak\u015fehir-\u0130stanbul'><\/div>[\/vc_column][\/vc_row]<\/p>","protected":false},"excerpt":{"rendered":"<p>[vc_row css=&#8221;.vc_custom_1561411833155{margin-top: 40px !important;padding-bottom: 20px !important;}&#8221;][vc_column width=&#8221;1\/2&#8243;][vc_empty_space height=&#8221;15px&#8221;][vc_column_text css_animation=&#8221;fadeInLeft&#8221;] DELTA END\u00dcSTR\u0130YEL MAK\u0130NE \u00dcR\u00dcNLER\u0130 DANI\u015eMANLIK LTD. \u015eT\u0130. Address: \u0130kitelli OSB Dersan Blok Sk. Trios 2023 B Blok No:92 Ba\u015fak\u015fehir-\u0130stanbul Phone: 0212 674 72 03 Fax: 0212 674 72 31 E-Mail: info@deltaticaret.com.tr[\/vc_column_text][\/vc_column][vc_column&#8230;<\/p>\n","protected":false},"author":1,"featured_media":0,"parent":0,"menu_order":0,"comment_status":"open","ping_status":"open","template":"","meta":[],"_links":{"self":[{"href":"https:\/\/www.deltaticaret.com.tr\/en\/wp-json\/wp\/v2\/pages\/15"}],"collection":[{"href":"https:\/\/www.deltaticaret.com.tr\/en\/wp-json\/wp\/v2\/pages"}],"about":[{"href":"https:\/\/www.deltaticaret.com.tr\/en\/wp-json\/wp\/v2\/types\/page"}],"author":[{"embeddable":true,"href":"https:\/\/www.deltaticaret.com.tr\/en\/wp-json\/wp\/v2\/users\/1"}],"replies":[{"embeddable":true,"href":"https:\/\/www.deltaticaret.com.tr\/en\/wp-json\/wp\/v2\/comments?post=15"}],"version-history":[{"count":7,"href":"https:\/\/www.deltaticaret.com.tr\/en\/wp-json\/wp\/v2\/pages\/15\/revisions"}],"predecessor-version":[{"id":1140,"href":"https:\/\/www.deltaticaret.com.tr\/en\/wp-json\/wp\/v2\/pages\/15\/revisions\/1140"}],"wp:attachment":[{"href":"https:\/\/www.deltaticaret.com.tr\/en\/wp-json\/wp\/v2\/media?parent=15"}],"curies":[{"name":"wp","href":"https:\/\/api.w.org\/{rel}","templated":true}]}}