{"id":917,"date":"2021-04-13T15:31:07","date_gmt":"2021-04-13T12:31:07","guid":{"rendered":"http:\/\/www.deltaticaret.com.tr\/?page_id=917"},"modified":"2021-05-22T12:19:21","modified_gmt":"2021-05-22T09:19:21","slug":"hp-serisi-yuksek-basinc-filtreler-vff","status":"publish","type":"page","link":"http:\/\/www.deltaticaret.com.tr\/en\/hp-serisi-yuksek-basinc-filtreler-vff\/","title":{"rendered":"HP SER\u0130S\u0130 Y\u00dcKSEK BASIN\u00c7 F\u0130LTRELER VFF"},"content":{"rendered":"<p>[vc_row][vc_column][vc_single_image image=&#8221;918&#8243; img_size=&#8221;full&#8221; alignment=&#8221;center&#8221; onclick=&#8221;custom_link&#8221; link=&#8221;http:\/\/www.deltaticaret.com.tr\/wp-content\/uploads\/2021\/05\/HP-Serisi-Basincli-Hava-Filtreleri-Turkce.pdf&#8221;][\/vc_column][\/vc_row]<\/p>\n","protected":false},"excerpt":{"rendered":"<p>[vc_row][vc_column][vc_single_image image=&#8221;918&#8243; img_size=&#8221;full&#8221; alignment=&#8221;center&#8221; onclick=&#8221;custom_link&#8221; link=&#8221;http:\/\/www.deltaticaret.com.tr\/wp-content\/uploads\/2021\/05\/HP-Serisi-Basincli-Hava-Filtreleri-Turkce.pdf&#8221;][\/vc_column][\/vc_row]<\/p>\n","protected":false},"author":1,"featured_media":0,"parent":0,"menu_order":0,"comment_status":"closed","ping_status":"closed","template":"","meta":[],"_links":{"self":[{"href":"http:\/\/www.deltaticaret.com.tr\/en\/wp-json\/wp\/v2\/pages\/917"}],"collection":[{"href":"http:\/\/www.deltaticaret.com.tr\/en\/wp-json\/wp\/v2\/pages"}],"about":[{"href":"http:\/\/www.deltaticaret.com.tr\/en\/wp-json\/wp\/v2\/types\/page"}],"author":[{"embeddable":true,"href":"http:\/\/www.deltaticaret.com.tr\/en\/wp-json\/wp\/v2\/users\/1"}],"replies":[{"embeddable":true,"href":"http:\/\/www.deltaticaret.com.tr\/en\/wp-json\/wp\/v2\/comments?post=917"}],"version-history":[{"count":2,"href":"http:\/\/www.deltaticaret.com.tr\/en\/wp-json\/wp\/v2\/pages\/917\/revisions"}],"predecessor-version":[{"id":1041,"href":"http:\/\/www.deltaticaret.com.tr\/en\/wp-json\/wp\/v2\/pages\/917\/revisions\/1041"}],"wp:attachment":[{"href":"http:\/\/www.deltaticaret.com.tr\/en\/wp-json\/wp\/v2\/media?parent=917"}],"curies":[{"name":"wp","href":"https:\/\/api.w.org\/{rel}","templated":true}]}}