{"id":914,"date":"2021-04-13T15:29:54","date_gmt":"2021-04-13T12:29:54","guid":{"rendered":"http:\/\/www.deltaticaret.com.tr\/?page_id=914"},"modified":"2021-05-29T13:08:06","modified_gmt":"2021-05-29T10:08:06","slug":"ff-serisi-flansli","status":"publish","type":"page","link":"http:\/\/www.deltaticaret.com.tr\/en\/ff-serisi-flansli\/","title":{"rendered":"FF SER\u0130S\u0130 FLAN\u015eLI"},"content":{"rendered":"<p>[vc_row][vc_column][vc_single_image image=&#8221;915&#8243; img_size=&#8221;full&#8221; alignment=&#8221;center&#8221; onclick=&#8221;custom_link&#8221; link=&#8221;http:\/\/www.deltaticaret.com.tr\/wp-content\/uploads\/2021\/05\/FF-SERISI-FLANSLI-HAVA-FILTRELERI-Turkce-1.pdf&#8221;][\/vc_column][\/vc_row]<\/p>\n","protected":false},"excerpt":{"rendered":"<p>[vc_row][vc_column][vc_single_image image=&#8221;915&#8243; img_size=&#8221;full&#8221; alignment=&#8221;center&#8221; onclick=&#8221;custom_link&#8221; link=&#8221;http:\/\/www.deltaticaret.com.tr\/wp-content\/uploads\/2021\/05\/FF-SERISI-FLANSLI-HAVA-FILTRELERI-Turkce-1.pdf&#8221;][\/vc_column][\/vc_row]<\/p>\n","protected":false},"author":1,"featured_media":0,"parent":0,"menu_order":0,"comment_status":"closed","ping_status":"closed","template":"","meta":[],"_links":{"self":[{"href":"http:\/\/www.deltaticaret.com.tr\/en\/wp-json\/wp\/v2\/pages\/914"}],"collection":[{"href":"http:\/\/www.deltaticaret.com.tr\/en\/wp-json\/wp\/v2\/pages"}],"about":[{"href":"http:\/\/www.deltaticaret.com.tr\/en\/wp-json\/wp\/v2\/types\/page"}],"author":[{"embeddable":true,"href":"http:\/\/www.deltaticaret.com.tr\/en\/wp-json\/wp\/v2\/users\/1"}],"replies":[{"embeddable":true,"href":"http:\/\/www.deltaticaret.com.tr\/en\/wp-json\/wp\/v2\/comments?post=914"}],"version-history":[{"count":4,"href":"http:\/\/www.deltaticaret.com.tr\/en\/wp-json\/wp\/v2\/pages\/914\/revisions"}],"predecessor-version":[{"id":1091,"href":"http:\/\/www.deltaticaret.com.tr\/en\/wp-json\/wp\/v2\/pages\/914\/revisions\/1091"}],"wp:attachment":[{"href":"http:\/\/www.deltaticaret.com.tr\/en\/wp-json\/wp\/v2\/media?parent=914"}],"curies":[{"name":"wp","href":"https:\/\/api.w.org\/{rel}","templated":true}]}}