{"id":908,"date":"2021-04-13T15:00:07","date_gmt":"2021-04-13T12:00:07","guid":{"rendered":"http:\/\/www.deltaticaret.com.tr\/?page_id=908"},"modified":"2021-05-22T12:16:34","modified_gmt":"2021-05-22T09:16:34","slug":"v-serisi-vakum-filtreleri","status":"publish","type":"page","link":"http:\/\/www.deltaticaret.com.tr\/en\/v-serisi-vakum-filtreleri\/","title":{"rendered":"V SER\u0130S\u0130 VAKUM F\u0130LTRELER\u0130"},"content":{"rendered":"<p>[vc_row][vc_column][vc_single_image image=&#8221;909&#8243; img_size=&#8221;full&#8221; alignment=&#8221;center&#8221; onclick=&#8221;custom_link&#8221; link=&#8221;http:\/\/www.deltaticaret.com.tr\/wp-content\/uploads\/2021\/05\/2021-Vakum-Hava-Filtreleri-Turkce.pdf&#8221;][\/vc_column][\/vc_row]<\/p>\n","protected":false},"excerpt":{"rendered":"<p>[vc_row][vc_column][vc_single_image image=&#8221;909&#8243; img_size=&#8221;full&#8221; alignment=&#8221;center&#8221; onclick=&#8221;custom_link&#8221; link=&#8221;http:\/\/www.deltaticaret.com.tr\/wp-content\/uploads\/2021\/05\/2021-Vakum-Hava-Filtreleri-Turkce.pdf&#8221;][\/vc_column][\/vc_row]<\/p>\n","protected":false},"author":1,"featured_media":0,"parent":0,"menu_order":0,"comment_status":"closed","ping_status":"closed","template":"","meta":[],"_links":{"self":[{"href":"http:\/\/www.deltaticaret.com.tr\/en\/wp-json\/wp\/v2\/pages\/908"}],"collection":[{"href":"http:\/\/www.deltaticaret.com.tr\/en\/wp-json\/wp\/v2\/pages"}],"about":[{"href":"http:\/\/www.deltaticaret.com.tr\/en\/wp-json\/wp\/v2\/types\/page"}],"author":[{"embeddable":true,"href":"http:\/\/www.deltaticaret.com.tr\/en\/wp-json\/wp\/v2\/users\/1"}],"replies":[{"embeddable":true,"href":"http:\/\/www.deltaticaret.com.tr\/en\/wp-json\/wp\/v2\/comments?post=908"}],"version-history":[{"count":3,"href":"http:\/\/www.deltaticaret.com.tr\/en\/wp-json\/wp\/v2\/pages\/908\/revisions"}],"predecessor-version":[{"id":1037,"href":"http:\/\/www.deltaticaret.com.tr\/en\/wp-json\/wp\/v2\/pages\/908\/revisions\/1037"}],"wp:attachment":[{"href":"http:\/\/www.deltaticaret.com.tr\/en\/wp-json\/wp\/v2\/media?parent=908"}],"curies":[{"name":"wp","href":"https:\/\/api.w.org\/{rel}","templated":true}]}}