{"id":860,"date":"2021-04-13T13:33:47","date_gmt":"2021-04-13T10:33:47","guid":{"rendered":"http:\/\/www.deltaticaret.com.tr\/?page_id=860"},"modified":"2021-05-23T15:49:33","modified_gmt":"2021-05-23T12:49:33","slug":"cnd-serisi-su-separatorleri","status":"publish","type":"page","link":"http:\/\/www.deltaticaret.com.tr\/en\/cnd-serisi-su-separatorleri\/","title":{"rendered":"CND SER\u0130S\u0130 SU SEPARAT\u00d6RLER\u0130"},"content":{"rendered":"<p>[vc_row][vc_column][vc_single_image image=&#8221;941&#8243; img_size=&#8221;full&#8221; alignment=&#8221;center&#8221; onclick=&#8221;custom_link&#8221; link=&#8221;http:\/\/www.deltaticaret.com.tr\/wp-content\/uploads\/2021\/05\/CND-Serisi-Su-Separatorleri-Turkce.pdf&#8221;][\/vc_column][\/vc_row]<\/p>\n","protected":false},"excerpt":{"rendered":"<p>[vc_row][vc_column][vc_single_image image=&#8221;941&#8243; img_size=&#8221;full&#8221; alignment=&#8221;center&#8221; onclick=&#8221;custom_link&#8221; link=&#8221;http:\/\/www.deltaticaret.com.tr\/wp-content\/uploads\/2021\/05\/CND-Serisi-Su-Separatorleri-Turkce.pdf&#8221;][\/vc_column][\/vc_row]<\/p>\n","protected":false},"author":1,"featured_media":0,"parent":0,"menu_order":0,"comment_status":"closed","ping_status":"closed","template":"","meta":[],"_links":{"self":[{"href":"http:\/\/www.deltaticaret.com.tr\/en\/wp-json\/wp\/v2\/pages\/860"}],"collection":[{"href":"http:\/\/www.deltaticaret.com.tr\/en\/wp-json\/wp\/v2\/pages"}],"about":[{"href":"http:\/\/www.deltaticaret.com.tr\/en\/wp-json\/wp\/v2\/types\/page"}],"author":[{"embeddable":true,"href":"http:\/\/www.deltaticaret.com.tr\/en\/wp-json\/wp\/v2\/users\/1"}],"replies":[{"embeddable":true,"href":"http:\/\/www.deltaticaret.com.tr\/en\/wp-json\/wp\/v2\/comments?post=860"}],"version-history":[{"count":11,"href":"http:\/\/www.deltaticaret.com.tr\/en\/wp-json\/wp\/v2\/pages\/860\/revisions"}],"predecessor-version":[{"id":1078,"href":"http:\/\/www.deltaticaret.com.tr\/en\/wp-json\/wp\/v2\/pages\/860\/revisions\/1078"}],"wp:attachment":[{"href":"http:\/\/www.deltaticaret.com.tr\/en\/wp-json\/wp\/v2\/media?parent=860"}],"curies":[{"name":"wp","href":"https:\/\/api.w.org\/{rel}","templated":true}]}}