{"id":833,"date":"2021-04-13T12:25:01","date_gmt":"2021-04-13T09:25:01","guid":{"rendered":"http:\/\/www.deltaticaret.com.tr\/?page_id=833"},"modified":"2021-05-29T13:07:42","modified_gmt":"2021-05-29T10:07:42","slug":"f-serisi-basincli-hava-filtreleri","status":"publish","type":"page","link":"http:\/\/www.deltaticaret.com.tr\/en\/f-serisi-basincli-hava-filtreleri\/","title":{"rendered":"F SER\u0130S\u0130 BASIN\u00c7LI HAVA F\u0130LTRELER\u0130"},"content":{"rendered":"<p>[vc_row][vc_column][vc_single_image image=&#8221;939&#8243; img_size=&#8221;full&#8221; alignment=&#8221;center&#8221; onclick=&#8221;custom_link&#8221; link=&#8221;http:\/\/www.deltaticaret.com.tr\/wp-content\/uploads\/2021\/05\/F-SERISI-BASINCLI-HAVA-FILTRELERI-Turkce-3.pdf&#8221;][\/vc_column][\/vc_row]<\/p>\n","protected":false},"excerpt":{"rendered":"<p>[vc_row][vc_column][vc_single_image image=&#8221;939&#8243; img_size=&#8221;full&#8221; alignment=&#8221;center&#8221; onclick=&#8221;custom_link&#8221; link=&#8221;http:\/\/www.deltaticaret.com.tr\/wp-content\/uploads\/2021\/05\/F-SERISI-BASINCLI-HAVA-FILTRELERI-Turkce-3.pdf&#8221;][\/vc_column][\/vc_row]<\/p>\n","protected":false},"author":1,"featured_media":0,"parent":0,"menu_order":0,"comment_status":"closed","ping_status":"closed","template":"","meta":[],"_links":{"self":[{"href":"http:\/\/www.deltaticaret.com.tr\/en\/wp-json\/wp\/v2\/pages\/833"}],"collection":[{"href":"http:\/\/www.deltaticaret.com.tr\/en\/wp-json\/wp\/v2\/pages"}],"about":[{"href":"http:\/\/www.deltaticaret.com.tr\/en\/wp-json\/wp\/v2\/types\/page"}],"author":[{"embeddable":true,"href":"http:\/\/www.deltaticaret.com.tr\/en\/wp-json\/wp\/v2\/users\/1"}],"replies":[{"embeddable":true,"href":"http:\/\/www.deltaticaret.com.tr\/en\/wp-json\/wp\/v2\/comments?post=833"}],"version-history":[{"count":41,"href":"http:\/\/www.deltaticaret.com.tr\/en\/wp-json\/wp\/v2\/pages\/833\/revisions"}],"predecessor-version":[{"id":1089,"href":"http:\/\/www.deltaticaret.com.tr\/en\/wp-json\/wp\/v2\/pages\/833\/revisions\/1089"}],"wp:attachment":[{"href":"http:\/\/www.deltaticaret.com.tr\/en\/wp-json\/wp\/v2\/media?parent=833"}],"curies":[{"name":"wp","href":"https:\/\/api.w.org\/{rel}","templated":true}]}}